{"id":797,"date":"2020-10-16T13:51:06","date_gmt":"2020-10-16T13:51:06","guid":{"rendered":"http:\/\/www.sportclubolymp.fi\/?page_id=797"},"modified":"2023-08-07T04:49:04","modified_gmt":"2023-08-07T04:49:04","slug":"seuravaatteet","status":"publish","type":"page","link":"https:\/\/www.sportclubolymp.fi\/?page_id=797","title":{"rendered":"Seuravaatteet"},"content":{"rendered":"\t\t<div data-elementor-type=\"wp-page\" data-elementor-id=\"797\" class=\"elementor elementor-797\">\n\t\t\t\t\t\t\t\t\t<section class=\"elementor-section elementor-top-section elementor-element elementor-element-3022200 elementor-section-boxed elementor-section-height-default elementor-section-height-default\" data-id=\"3022200\" data-element_type=\"section\">\n\t\t\t\t\t\t<div class=\"elementor-container elementor-column-gap-default\">\n\t\t\t\t\t<div class=\"elementor-column elementor-col-50 elementor-top-column elementor-element elementor-element-de663bb\" data-id=\"de663bb\" data-element_type=\"column\">\n\t\t\t<div class=\"elementor-widget-wrap elementor-element-populated\">\n\t\t\t\t\t\t\t\t<div class=\"elementor-element elementor-element-e808e0f elementor-widget elementor-widget-image\" data-id=\"e808e0f\" data-element_type=\"widget\" data-widget_type=\"image.default\">\n\t\t\t\t<div class=\"elementor-widget-container\">\n\t\t\t<style>\/*! elementor - v3.18.0 - 20-12-2023 *\/\n.elementor-widget-image{text-align:center}.elementor-widget-image a{display:inline-block}.elementor-widget-image a img[src$=\".svg\"]{width:48px}.elementor-widget-image img{vertical-align:middle;display:inline-block}<\/style>\t\t\t\t\t\t\t\t\t\t\t\t<img fetchpriority=\"high\" decoding=\"async\" width=\"271\" height=\"500\" src=\"https:\/\/www.sportclubolymp.fi\/wp-content\/uploads\/2023\/08\/edustuspuku.jpg\" class=\"attachment-large size-large wp-image-3360\" alt=\"\" srcset=\"https:\/\/www.sportclubolymp.fi\/wp-content\/uploads\/2023\/08\/edustuspuku.jpg 271w, https:\/\/www.sportclubolymp.fi\/wp-content\/uploads\/2023\/08\/edustuspuku-163x300.jpg 163w\" sizes=\"(max-width: 271px) 100vw, 271px\" \/>\t\t\t\t\t\t\t\t\t\t\t\t\t\t\t<\/div>\n\t\t\t\t<\/div>\n\t\t\t\t\t<\/div>\n\t\t<\/div>\n\t\t\t\t<div class=\"elementor-column elementor-col-50 elementor-top-column elementor-element elementor-element-4ab72b4\" data-id=\"4ab72b4\" data-element_type=\"column\">\n\t\t\t<div class=\"elementor-widget-wrap elementor-element-populated\">\n\t\t\t\t\t\t\t\t<div class=\"elementor-element elementor-element-d26cf14 elementor-widget elementor-widget-image\" data-id=\"d26cf14\" data-element_type=\"widget\" data-widget_type=\"image.default\">\n\t\t\t\t<div class=\"elementor-widget-container\">\n\t\t\t\t\t\t\t\t\t\t\t\t\t\t\t<img decoding=\"async\" width=\"1024\" height=\"768\" src=\"https:\/\/www.sportclubolymp.fi\/wp-content\/uploads\/2023\/05\/20220923_181945-1024x768.jpg\" class=\"attachment-large size-large wp-image-2995\" alt=\"\" srcset=\"https:\/\/www.sportclubolymp.fi\/wp-content\/uploads\/2023\/05\/20220923_181945-1024x768.jpg 1024w, https:\/\/www.sportclubolymp.fi\/wp-content\/uploads\/2023\/05\/20220923_181945-300x225.jpg 300w, https:\/\/www.sportclubolymp.fi\/wp-content\/uploads\/2023\/05\/20220923_181945-768x576.jpg 768w, https:\/\/www.sportclubolymp.fi\/wp-content\/uploads\/2023\/05\/20220923_181945-1536x1152.jpg 1536w, https:\/\/www.sportclubolymp.fi\/wp-content\/uploads\/2023\/05\/20220923_181945-2048x1536.jpg 2048w\" sizes=\"(max-width: 1024px) 100vw, 1024px\" \/>\t\t\t\t\t\t\t\t\t\t\t\t\t\t\t<\/div>\n\t\t\t\t<\/div>\n\t\t\t\t\t<\/div>\n\t\t<\/div>\n\t\t\t\t\t\t\t<\/div>\n\t\t<\/section>\n\t\t\t\t<section class=\"elementor-section elementor-top-section elementor-element elementor-element-760032a elementor-section-boxed elementor-section-height-default elementor-section-height-default\" data-id=\"760032a\" data-element_type=\"section\">\n\t\t\t\t\t\t<div class=\"elementor-container elementor-column-gap-default\">\n\t\t\t\t\t<div class=\"elementor-column elementor-col-100 elementor-top-column elementor-element elementor-element-e21ca29\" data-id=\"e21ca29\" data-element_type=\"column\">\n\t\t\t<div class=\"elementor-widget-wrap elementor-element-populated\">\n\t\t\t\t\t\t\t\t<div class=\"elementor-element elementor-element-235e296 elementor-widget elementor-widget-text-editor\" data-id=\"235e296\" data-element_type=\"widget\" data-widget_type=\"text-editor.default\">\n\t\t\t\t<div class=\"elementor-widget-container\">\n\t\t\t<style>\/*! elementor - v3.18.0 - 20-12-2023 *\/\n.elementor-widget-text-editor.elementor-drop-cap-view-stacked .elementor-drop-cap{background-color:#69727d;color:#fff}.elementor-widget-text-editor.elementor-drop-cap-view-framed .elementor-drop-cap{color:#69727d;border:3px solid;background-color:transparent}.elementor-widget-text-editor:not(.elementor-drop-cap-view-default) .elementor-drop-cap{margin-top:8px}.elementor-widget-text-editor:not(.elementor-drop-cap-view-default) .elementor-drop-cap-letter{width:1em;height:1em}.elementor-widget-text-editor .elementor-drop-cap{float:left;text-align:center;line-height:1;font-size:50px}.elementor-widget-text-editor .elementor-drop-cap-letter{display:inline-block}<\/style>\t\t\t\t<header class=\"entry-header\" style=\"position: relative; z-index: 1; margin-top: -48px; margin-right: auto; margin-left: auto; max-width: 474px; padding: 24px 30px 12px; color: #2b2b2b; font-family: Lato, sans-serif; font-size: 16px; font-style: normal; font-variant-ligatures: normal; font-variant-caps: normal; font-weight: 400;\">\n<h1 class=\"entry-title\" style=\"font-size: 33px; font-weight: 300; margin-bottom: 12px; clear: both; line-height: 1.09091; text-transform: uppercase;\"><br><\/h1>\n<h1 class=\"entry-title\" style=\"font-size: 33px; font-weight: 300; margin-bottom: 12px; clear: both; line-height: 1.09091; text-transform: uppercase;\">SEURATUOTTEET<\/h1>\n<\/header>\n<div class=\"entry-content\" style=\"font-family: Lato, sans-serif; font-size: 16px; font-style: normal; font-weight: 400; margin-right: auto; margin-left: auto; padding-right: 30px; padding-left: 30px; hyphens: auto; overflow-wrap: break-word; max-width: 474px; color: #2b2b2b; font-variant-ligatures: normal; font-variant-caps: normal;\">\n<p style=\"font-size: 16px; margin-bottom: 24px;\">Seuratuotteet ovat myynniss\u00e4 kaikille seuran j\u00e4senille, perheenj\u00e4senille ja tapahtumien toimitsijoille.&nbsp;<\/p>\n<p style=\"font-size: 16px; margin-bottom: 24px;\">Kaikki tuotteet ovat tilaustuotteita.&nbsp;<\/p>\n<p style=\"font-size: 16px; margin-bottom: 24px;\">Suosittelemme kaikille j\u00e4senillemme Sport Club Olymp:in edustusasua. Valmennusryhm\u00e4t edustavat seuraa edustusasussa tapahtumissa ja kilpailuissa. Omalta ohjaajalta tai valmentajalta voi aina tarkistaa, mitk\u00e4 tuotteet on tarkoitus hankkia.<\/p>\n<p style=\"font-size: 16px; margin-bottom: 24px;\">Seuratuotekauppa sis\u00e4lt\u00e4\u00e4 my\u00f6s kuratoidun valikoiman hyviksi todettuja rytmisen voimistelun tossuja, v\u00e4lineit\u00e4 sek\u00e4 treenivarusteita.<\/p><p style=\"font-size: 16px; margin-bottom: 24px;\">Kaikki seuratuotteet tilataan meid\u00e4n verkkokaupasta MyClub:in sovelluksessa.<\/p>\n<p style=\"font-size: 16px; margin-bottom: 24px;\"><br><\/p>\n<\/div>\t\t\t\t\t\t<\/div>\n\t\t\t\t<\/div>\n\t\t\t\t\t<\/div>\n\t\t<\/div>\n\t\t\t\t\t\t\t<\/div>\n\t\t<\/section>\n\t\t\t\t\t\t\t<\/div>\n\t\t","protected":false},"excerpt":{"rendered":"<p>SEURATUOTTEET Seuratuotteet ovat myynniss\u00e4 kaikille seuran j\u00e4senille, perheenj\u00e4senille ja tapahtumien toimitsijoille.&nbsp; Kaikki tuotteet ovat tilaustuotteita.&nbsp; Suosittelemme kaikille j\u00e4senillemme Sport Club Olymp:in edustusasua. Valmennusryhm\u00e4t edustavat seuraa edustusasussa tapahtumissa ja kilpailuissa. Omalta ohjaajalta tai valmentajalta voi aina tarkistaa, mitk\u00e4 tuotteet on tarkoitus hankkia. Seuratuotekauppa sis\u00e4lt\u00e4\u00e4 my\u00f6s kuratoidun valikoiman hyviksi todettuja rytmisen voimistelun tossuja, v\u00e4lineit\u00e4 sek\u00e4 treenivarusteita. Kaikki [&hellip;]<\/p>\n","protected":false},"author":1,"featured_media":0,"parent":0,"menu_order":0,"comment_status":"closed","ping_status":"closed","template":"","meta":{"ocean_post_layout":"full-screen","ocean_both_sidebars_style":"","ocean_both_sidebars_content_width":0,"ocean_both_sidebars_sidebars_width":0,"ocean_sidebar":"0","ocean_second_sidebar":"0","ocean_disable_margins":"enable","ocean_add_body_class":"","ocean_shortcode_before_top_bar":"","ocean_shortcode_after_top_bar":"","ocean_shortcode_before_header":"","ocean_shortcode_after_header":"","ocean_has_shortcode":"","ocean_shortcode_after_title":"","ocean_shortcode_before_footer_widgets":"","ocean_shortcode_after_footer_widgets":"","ocean_shortcode_before_footer_bottom":"","ocean_shortcode_after_footer_bottom":"","ocean_display_top_bar":"default","ocean_display_header":"default","ocean_header_style":"","ocean_center_header_left_menu":"0","ocean_custom_header_template":"0","ocean_custom_logo":0,"ocean_custom_retina_logo":0,"ocean_custom_logo_max_width":0,"ocean_custom_logo_tablet_max_width":0,"ocean_custom_logo_mobile_max_width":0,"ocean_custom_logo_max_height":0,"ocean_custom_logo_tablet_max_height":0,"ocean_custom_logo_mobile_max_height":0,"ocean_header_custom_menu":"0","ocean_menu_typo_font_family":"0","ocean_menu_typo_font_subset":"","ocean_menu_typo_font_size":0,"ocean_menu_typo_font_size_tablet":0,"ocean_menu_typo_font_size_mobile":0,"ocean_menu_typo_font_size_unit":"px","ocean_menu_typo_font_weight":"","ocean_menu_typo_font_weight_tablet":"","ocean_menu_typo_font_weight_mobile":"","ocean_menu_typo_transform":"","ocean_menu_typo_transform_tablet":"","ocean_menu_typo_transform_mobile":"","ocean_menu_typo_line_height":0,"ocean_menu_typo_line_height_tablet":0,"ocean_menu_typo_line_height_mobile":0,"ocean_menu_typo_line_height_unit":"","ocean_menu_typo_spacing":0,"ocean_menu_typo_spacing_tablet":0,"ocean_menu_typo_spacing_mobile":0,"ocean_menu_typo_spacing_unit":"","ocean_menu_link_color":"","ocean_menu_link_color_hover":"","ocean_menu_link_color_active":"","ocean_menu_link_background":"","ocean_menu_link_hover_background":"","ocean_menu_link_active_background":"","ocean_menu_social_links_bg":"","ocean_menu_social_hover_links_bg":"","ocean_menu_social_links_color":"","ocean_menu_social_hover_links_color":"","ocean_disable_title":"default","ocean_disable_heading":"default","ocean_post_title":"","ocean_post_subheading":"","ocean_post_title_style":"","ocean_post_title_background_color":"","ocean_post_title_background":0,"ocean_post_title_bg_image_position":"","ocean_post_title_bg_image_attachment":"","ocean_post_title_bg_image_repeat":"","ocean_post_title_bg_image_size":"","ocean_post_title_height":0,"ocean_post_title_bg_overlay":0.5,"ocean_post_title_bg_overlay_color":"","ocean_disable_breadcrumbs":"default","ocean_breadcrumbs_color":"","ocean_breadcrumbs_separator_color":"","ocean_breadcrumbs_links_color":"","ocean_breadcrumbs_links_hover_color":"","ocean_display_footer_widgets":"default","ocean_display_footer_bottom":"default","ocean_custom_footer_template":"0","footnotes":""},"class_list":["post-797","page","type-page","status-publish","hentry","entry"],"_links":{"self":[{"href":"https:\/\/www.sportclubolymp.fi\/index.php?rest_route=\/wp\/v2\/pages\/797","targetHints":{"allow":["GET"]}}],"collection":[{"href":"https:\/\/www.sportclubolymp.fi\/index.php?rest_route=\/wp\/v2\/pages"}],"about":[{"href":"https:\/\/www.sportclubolymp.fi\/index.php?rest_route=\/wp\/v2\/types\/page"}],"author":[{"embeddable":true,"href":"https:\/\/www.sportclubolymp.fi\/index.php?rest_route=\/wp\/v2\/users\/1"}],"replies":[{"embeddable":true,"href":"https:\/\/www.sportclubolymp.fi\/index.php?rest_route=%2Fwp%2Fv2%2Fcomments&post=797"}],"version-history":[{"count":21,"href":"https:\/\/www.sportclubolymp.fi\/index.php?rest_route=\/wp\/v2\/pages\/797\/revisions"}],"predecessor-version":[{"id":3367,"href":"https:\/\/www.sportclubolymp.fi\/index.php?rest_route=\/wp\/v2\/pages\/797\/revisions\/3367"}],"wp:attachment":[{"href":"https:\/\/www.sportclubolymp.fi\/index.php?rest_route=%2Fwp%2Fv2%2Fmedia&parent=797"}],"curies":[{"name":"wp","href":"https:\/\/api.w.org\/{rel}","templated":true}]}}