{"id":611,"date":"2020-06-09T05:52:06","date_gmt":"2020-06-09T05:52:06","guid":{"rendered":"http:\/\/www.sportclubolymp.fi\/?page_id=611"},"modified":"2020-06-09T06:09:57","modified_gmt":"2020-06-09T06:09:57","slug":"tietosuojaseloste","status":"publish","type":"page","link":"https:\/\/www.sportclubolymp.fi\/?page_id=611","title":{"rendered":"Tietosuojaseloste"},"content":{"rendered":"\t\t<div data-elementor-type=\"wp-page\" data-elementor-id=\"611\" class=\"elementor elementor-611\">\n\t\t\t\t\t\t\t\t\t<section class=\"elementor-section elementor-top-section elementor-element elementor-element-fc01d8d elementor-section-boxed elementor-section-height-default elementor-section-height-default\" data-id=\"fc01d8d\" data-element_type=\"section\">\n\t\t\t\t\t\t<div class=\"elementor-container elementor-column-gap-default\">\n\t\t\t\t\t<div class=\"elementor-column elementor-col-100 elementor-top-column elementor-element elementor-element-d83ba4e\" data-id=\"d83ba4e\" data-element_type=\"column\">\n\t\t\t<div class=\"elementor-widget-wrap elementor-element-populated\">\n\t\t\t\t\t\t\t\t<div class=\"elementor-element elementor-element-b4dbff2 elementor-widget elementor-widget-heading\" data-id=\"b4dbff2\" data-element_type=\"widget\" data-widget_type=\"heading.default\">\n\t\t\t\t<div class=\"elementor-widget-container\">\n\t\t\t<style>\/*! elementor - v3.18.0 - 20-12-2023 *\/\n.elementor-heading-title{padding:0;margin:0;line-height:1}.elementor-widget-heading .elementor-heading-title[class*=elementor-size-]>a{color:inherit;font-size:inherit;line-height:inherit}.elementor-widget-heading .elementor-heading-title.elementor-size-small{font-size:15px}.elementor-widget-heading .elementor-heading-title.elementor-size-medium{font-size:19px}.elementor-widget-heading .elementor-heading-title.elementor-size-large{font-size:29px}.elementor-widget-heading .elementor-heading-title.elementor-size-xl{font-size:39px}.elementor-widget-heading .elementor-heading-title.elementor-size-xxl{font-size:59px}<\/style><h2 class=\"elementor-heading-title elementor-size-default\">Tietosuojaseloste<\/h2>\t\t<\/div>\n\t\t\t\t<\/div>\n\t\t\t\t\t<\/div>\n\t\t<\/div>\n\t\t\t\t\t\t\t<\/div>\n\t\t<\/section>\n\t\t\t\t<section class=\"elementor-section elementor-top-section elementor-element elementor-element-d216757 elementor-section-boxed elementor-section-height-default elementor-section-height-default\" data-id=\"d216757\" data-element_type=\"section\">\n\t\t\t\t\t\t<div class=\"elementor-container elementor-column-gap-default\">\n\t\t\t\t\t<div class=\"elementor-column elementor-col-100 elementor-top-column elementor-element elementor-element-96fe7de\" data-id=\"96fe7de\" data-element_type=\"column\">\n\t\t\t<div class=\"elementor-widget-wrap elementor-element-populated\">\n\t\t\t\t\t\t\t\t<div class=\"elementor-element elementor-element-7c51ca7 elementor-widget elementor-widget-text-editor\" data-id=\"7c51ca7\" data-element_type=\"widget\" data-widget_type=\"text-editor.default\">\n\t\t\t\t<div class=\"elementor-widget-container\">\n\t\t\t<style>\/*! elementor - v3.18.0 - 20-12-2023 *\/\n.elementor-widget-text-editor.elementor-drop-cap-view-stacked .elementor-drop-cap{background-color:#69727d;color:#fff}.elementor-widget-text-editor.elementor-drop-cap-view-framed .elementor-drop-cap{color:#69727d;border:3px solid;background-color:transparent}.elementor-widget-text-editor:not(.elementor-drop-cap-view-default) .elementor-drop-cap{margin-top:8px}.elementor-widget-text-editor:not(.elementor-drop-cap-view-default) .elementor-drop-cap-letter{width:1em;height:1em}.elementor-widget-text-editor .elementor-drop-cap{float:left;text-align:center;line-height:1;font-size:50px}.elementor-widget-text-editor .elementor-drop-cap-letter{display:inline-block}<\/style>\t\t\t\t<p><b>Rekisteri-ilmoitus<\/b><\/p><p><b>Rekisterinpit\u00e4j\u00e4 ja yhteyshenkil\u00f6<\/b><br \/>Seura, Y-tunnus: Sport Club Olymp ry (SC Olymp) 3130195-7<br \/>Osoite: Otavantie 18, 01450, Vantaa.<br \/>S\u00e4hk\u00f6posti: <a href=\"toimisto@sportclubolymp.fi\">toimisto@sportclubolymp.fi<\/a><\/p><p><b>J\u00e4sen-, luottamushenkil\u00f6-, ja yhteisty\u00f6kumppanirekisteri \/ markkinointirekisteri<\/b><\/p><p><b>Henkil\u00f6tietojen k\u00e4sittelyn peruste ja k\u00e4ytt\u00f6tarkoitus\u00a0<\/b><br \/>Rekisterimme k\u00e4ytt\u00f6tarkoitus on rekister\u00f6ityjen j\u00e4senten ja niiden luottamushenkil\u00f6iden tietojen ajantasainen hallinta j\u00e4senyyden aikana, sen yll\u00e4pito ja kehitt\u00e4minen sek\u00e4 markkinointi. P\u00e4\u00e4ttyneiden j\u00e4senyyksien dokumentaation hallinta henkil\u00f6tietoj\u00e4rjestelm\u00e4ss\u00e4 s\u00e4ilytet\u00e4\u00e4n enint\u00e4\u00e4n 10 vuotta. Lis\u00e4ksi Sport Club Olymp ry:n j\u00e4rjest\u00e4miin koulutuksiin ja tapahtumiin osallistuneiden osalla tietoja k\u00e4ytet\u00e4\u00e4n tapahtumakohtaiseen kohdennettuun suoramarkkinointiin.<\/p><p>Henkil\u00f6tietojen k\u00e4sittely perustuu:<\/p><p>1) SC Olymp ry:n yhdistyslains\u00e4\u00e4d\u00e4nn\u00f6lliseen velvoitteeseen yll\u00e4pit\u00e4\u00e4 j\u00e4senrekisteri\u00e4.<\/p><p>2) Sopimuskumppanien (yhteisty\u00f6kumppanit) osalta sopimuksen t\u00e4yt\u00e4nt\u00f6\u00f6npanoon sek\u00e4 mahdollisen rekisterinpit\u00e4j\u00e4n muuhun perusteltuun etuun. Rekisterinpit\u00e4j\u00e4n etu sopimustilanteissa on taloudellisten saatavien ja vastuiden valvonta.<\/p><p>3) Luottamushenkil\u00f6iden osalta rekister\u00f6inti perustuu yhdistyslains\u00e4\u00e4d\u00e4nt\u00f6\u00f6n.<\/p><p>4) Markkinointirekisterin osalta suostumukseen.<\/p><p><b>K\u00e4sitelt\u00e4v\u00e4t henkil\u00f6tiedot:<\/b><br \/>Rekisteriss\u00e4 k\u00e4sitell\u00e4\u00e4n SC Olymp ry:n j\u00e4senten luottamus- ja toimihenkil\u00f6iden henkil\u00f6- ja yhteystietoja sek\u00e4 muita j\u00e4senyyteen tai koulutuksiin ja tapahtumiin osallistumiseen liittyvi\u00e4 tarpeellisia tietoja. N\u00e4it\u00e4 tietoja ovat:<\/p><ul><li>Etu- ja sukunimi<\/li><li>Osoite<\/li><li>Puhelinnumero<\/li><li>S\u00e4hk\u00f6postiosoite<\/li><li>Syntym\u00e4vuosi<\/li><li>Sukupuoli<\/li><li>Ruoka-aineallergiat ja erityisruokavaliot (perusteluna rekister\u00f6idyn elint\u00e4rke\u00e4 etu eli terveys)<\/li><li>Alaik\u00e4isen harrastajan osalta huoltajan nimi, puhelinnro, s\u00e4hk\u00f6posti ja henkil\u00f6tunnus (laskutusta varten)<\/li><li>lupa valokuvissa esiintymiseen<\/li><\/ul><p>\u2022 j\u00e4sensuhdetta koskevat tiedot, kuten, laskutus- ja maksutiedot, tuote- ja tilaustiedot, tieto vanhempainvastuunkantajasta<\/p><p>\u2022 kilpailutulokset ja -ilmoittautumiset<\/p><p>\u2022 lisenssi- ja vakuutustiedot<\/p><ul><li>palkan- ja palkkionmaksuun liittyv\u00e4t yksil\u00f6iv\u00e4t tiedot, kuten henkil\u00f6tunnus ja verokortti<\/li><\/ul><p>\u2022 allergiat\/erityisruokavaliot (tapahtumat, leirit, koulutukset)<\/p><p>\u2022 testitulokset (urheilijoilta)<\/p><p>\u2022 pituus ja paino (kilpailijoilta)<\/p><p>\u2022 passin tiedot (kansainv\u00e4lisiin kilpailuihin osallistuvilta)<\/p><p>\u2022 Vaatekoko (voimistelijoilta, valmentajilta ja tapahtumien vapaaehtoisilta)<\/p><p><b>S\u00e4\u00e4nn\u00f6nmukaiset tietol\u00e4hteet<\/b><br \/>Henkil\u00f6tietoja ker\u00e4t\u00e4\u00e4n rekister\u00f6idyilt\u00e4 j\u00e4senilt\u00e4 sek\u00e4 tapahtumiin osallistujilta itselt\u00e4\u00e4n tai alaik\u00e4isten ollessa kyseess\u00e4 heid\u00e4n huoltajilta.<\/p><p><b>Henkil\u00f6tietojen suojaaminen ja tietoturva<\/b><br \/>Digitaalisesti k\u00e4sitelt\u00e4v\u00e4t henkil\u00f6tiedot on suojattu ja tallennettu SC Olymp ry:n j\u00e4rjestelm\u00e4\u00e4n, johon on rajattu p\u00e4\u00e4sy vain sellaisilla henkil\u00f6ill\u00e4, jotka tarvitsevat kyseisi\u00e4 tietoja ty\u00f6teht\u00e4viens\u00e4 hoitamiseksi. Kyseisill\u00e4 henkil\u00f6ill\u00e4 on k\u00e4yt\u00f6ss\u00e4\u00e4n henkil\u00f6kohtaiset k\u00e4ytt\u00e4j\u00e4tunnukset ja salasanat.<\/p><p>Henkil\u00f6tiedot on suojattu ulkopuoliselta k\u00e4yt\u00f6lt\u00e4 ja j\u00e4sentietojen k\u00e4ytt\u00f6\u00e4 valvotaan. SC Olymp ry:n ulkopuolelle l\u00e4hetett\u00e4v\u00e4t henkil\u00f6tiedot salataan. K\u00e4ytetyt ty\u00f6asemat ja tallennusmediat ovat salattuja.<br \/>Manuaalisesti k\u00e4sitelt\u00e4v\u00e4 tieto s\u00e4ilytet\u00e4\u00e4n lukitussa tilassa.<\/p><p><b>Henkil\u00f6tietojen s\u00e4\u00e4nn\u00f6nmukaiset luovutukset ja siirrot<\/b><br \/>Tietoja ei luovuteta kolmansille osapuolille. Poikkeuksena osallistujalistojen luovuttaminen koulutusten j\u00e4rjest\u00e4jille, tilaajille tai kouluttajille.<\/p><p>Henkil\u00f6tiedot luovutetaan rekisterin yll\u00e4pit\u00e4j\u00e4lle, joka toimii henkil\u00f6tietojen k\u00e4sittelij\u00e4n\u00e4.<\/p><p>Henkil\u00f6tietoja voidaan siirt\u00e4\u00e4 rekisterin palveluntarjoajaa vaihdettaessa uudelle j\u00e4rjestelm\u00e4n yll\u00e4pit\u00e4j\u00e4lle. Henkil\u00f6rekisterin teknisen yll\u00e4pidon ja k\u00e4sittelyn toteuttava rekisterinpit\u00e4j\u00e4n yhteisty\u00f6kumppani voi siirt\u00e4\u00e4 henkil\u00f6tietoja eteenp\u00e4in soveltuvan yksityisyyden suojaa koskevan lains\u00e4\u00e4d\u00e4nn\u00f6n ja t\u00e4m\u00e4n tietosuojaselosteen mukaisesti.<\/p><p><b>Henkil\u00f6tietojen s\u00e4ilytysaika<\/b><br \/>J\u00e4sentiedot s\u00e4ilytet\u00e4\u00e4n rekisteriss\u00e4 niin kauan kuin rekister\u00f6ity on SC Olymp ry:n j\u00e4sen tai sopimuskumppani ja sopimukseen perustuvan reklamaatiovastuuajan.<\/p><p>J\u00e4senyyden p\u00e4\u00e4ttymisen j\u00e4lkeen ker\u00e4ttyj\u00e4 tietoja s\u00e4ilytet\u00e4\u00e4n enint\u00e4\u00e4n kymmenen vuoden ajan j\u00e4senyyden p\u00e4\u00e4ttymisest\u00e4.<\/p><p>Sopimuskumppanin tiedot s\u00e4ilytet\u00e4\u00e4n v\u00e4hint\u00e4\u00e4n kolmen vuoden ja enint\u00e4\u00e4n kymmenen vuotta sopimuksen p\u00e4\u00e4ttymisest\u00e4.<\/p><p>Tapahtumaan osallistujien henkil\u00f6tietoja s\u00e4ilytet\u00e4\u00e4n enint\u00e4\u00e4n kymmenen vuotta viimeisimm\u00e4n osallistumisen j\u00e4lkeen.<\/p><p>Suostumukseen perustuvat tiedot s\u00e4ilytet\u00e4\u00e4n, kunnes suostumus peruutetaan.<\/p><p><b>Rekister\u00f6idyn oikeudet:<\/b><br \/>Rekister\u00f6idyll\u00e4 on oikeus soveltuvan tietosuojalains\u00e4\u00e4d\u00e4nn\u00f6n mukaisesti milloin tahansa:<br \/>&#8211; saada tieto henkil\u00f6tietojensa k\u00e4sittelyst\u00e4.<br \/>&#8211; saada p\u00e4\u00e4sy omiin tietoihinsa ja tarkastaa itse\u00e4\u00e4n koskevat henkil\u00f6tiedot.<br \/>&#8211; vaatia ep\u00e4tarkan ja virheellisen henkil\u00f6tiedon oikaisua ja tietojen t\u00e4ydent\u00e4mist\u00e4.<br \/>&#8211; vaatia henkil\u00f6tietojensa poistamista (samalla oikeus osallistua tapahtumaan poistuu).<br \/>&#8211; peruuttaa suostumuksensa ja vastustaa henkil\u00f6tietojensa k\u00e4sittely\u00e4 silt\u00e4 osin kuin henkil\u00f6tietojen k\u00e4sittely perustuu rekister\u00f6idyn suostumukseen.<br \/>&#8211; vastustaa henkil\u00f6tietojensa k\u00e4sittely\u00e4 henkil\u00f6kohtaiseen erityiseen tilanteeseensa liittyv\u00e4ll\u00e4 perusteella silt\u00e4 osin kuin henkil\u00f6tietojen k\u00e4sittelyperusteena on SC Olymp ry:n oikeutettu etu.<br \/>&#8211; saada henkil\u00f6tietonsa koneluettavassa muodossa.<br \/>&#8211; vaatia henkil\u00f6tietojensa k\u00e4sittelyn rajoittamista.<br \/>Rekister\u00f6idyn tulee esitt\u00e4\u00e4 edell\u00e4 mainitun oikeuden toteuttamista koskeva pyynt\u00f6 t\u00e4m\u00e4n tietosuojaselosteen Yhteydenotot -kohdan mukaisesti. SC Olymp ry. voi pyyt\u00e4\u00e4 rekister\u00f6ity\u00e4 tarkentamaan pyynt\u00f6\u00e4\u00e4n kirjallisesti ja varmentamaan rekister\u00f6idyn henkil\u00f6llisyyden ennen pyynn\u00f6n k\u00e4sittelemist\u00e4. SC Olymp ry. voi kielt\u00e4yty\u00e4 pyynn\u00f6n toteuttamisesta sovellettavalla laissa s\u00e4\u00e4detyll\u00e4 perusteella.<\/p><p><b>Oikeus valittaa valvontaviranomaiselle<\/b><br \/>Jokaisella rekister\u00f6idyll\u00e4 on oikeus tehd\u00e4 valitus asianomaiselle valvontaviranomaiselle taikka sen Euroopan unionin j\u00e4senvaltion valvontaviranomaiselle, jossa rekister\u00f6idyn asuinpakka tai ty\u00f6paikka sijaitsee, mik\u00e4li rekister\u00f6ity katsoo, ett\u00e4 h\u00e4nen henkil\u00f6tietojaan ei ole k\u00e4sitelty soveltuvan tietosuojak\u00e4yt\u00e4nn\u00f6n mukaisesti.<\/p><p><b>Pakolliset tiedot<\/b><br \/>Yhdistyksen (SC Olymp ry:n luottamushenkil\u00f6iden osalta yhdistyslain edellytt\u00e4m\u00e4t tiedot (nimi, hetu, yhteystiedot).<\/p><p>Sopimussuhteissa olevat tahot: Sopimuskumppanin perustiedot (nimi, yhteystiedot), luottosuhteessa luoton perinn\u00e4n edellytt\u00e4m\u00e4t tiedot (hetu).<\/p><p>Tapahtumiin osallistuvien osalta: Allergiatiedot (rekister\u00f6idyn elint\u00e4rke\u00e4 etu).<\/p><p>Muut tiedot tapahtuman j\u00e4rjest\u00e4miseksi tai kolmansien tahojen edellytt\u00e4m\u00e4t tiedot ilmoitetaan ilmoittautumisen yhteydess\u00e4. (Sopimuksen tekeminen).<\/p><p><b>Seuraus mik\u00e4li tietoja ei luovuta<\/b><br \/>Sopimusta tai osallistumista ei voida toteuttaa ilman pakollisten tietojen luovuttamista.<\/p><p><b>Yhteydenotot<\/b><br \/>Rekister\u00f6idyn oikeuksien k\u00e4ytt\u00e4mist\u00e4 koskevat pyynn\u00f6t, kysymykset t\u00e4st\u00e4 tietosuojaselosteesta ja muut yhteydenotot tulee tehd\u00e4 s\u00e4hk\u00f6postitse osoitteeseen: toimisto@sportclubolymp.fi.\u00a0<\/p><p><b>Muutokset t\u00e4h\u00e4n tietosuojaselosteeseen<\/b><br \/><a name=\"_GoBack\"><\/a>T\u00e4t\u00e4 tietosuojaselostetta p\u00e4ivitet\u00e4\u00e4n aika ajoin esimerkiksi lains\u00e4\u00e4d\u00e4nn\u00f6n muuttuessa.<\/p>\t\t\t\t\t\t<\/div>\n\t\t\t\t<\/div>\n\t\t\t\t\t<\/div>\n\t\t<\/div>\n\t\t\t\t\t\t\t<\/div>\n\t\t<\/section>\n\t\t\t\t\t\t\t<\/div>\n\t\t","protected":false},"excerpt":{"rendered":"<p>Tietosuojaseloste Rekisteri-ilmoitus Rekisterinpit\u00e4j\u00e4 ja yhteyshenkil\u00f6Seura, Y-tunnus: Sport Club Olymp ry (SC Olymp) 3130195-7Osoite: Otavantie 18, 01450, Vantaa.S\u00e4hk\u00f6posti: toimisto@sportclubolymp.fi J\u00e4sen-, luottamushenkil\u00f6-, ja yhteisty\u00f6kumppanirekisteri \/ markkinointirekisteri Henkil\u00f6tietojen k\u00e4sittelyn peruste ja k\u00e4ytt\u00f6tarkoitus\u00a0Rekisterimme k\u00e4ytt\u00f6tarkoitus on rekister\u00f6ityjen j\u00e4senten ja niiden luottamushenkil\u00f6iden tietojen ajantasainen hallinta j\u00e4senyyden aikana, sen yll\u00e4pito ja kehitt\u00e4minen sek\u00e4 markkinointi. P\u00e4\u00e4ttyneiden j\u00e4senyyksien dokumentaation hallinta henkil\u00f6tietoj\u00e4rjestelm\u00e4ss\u00e4 s\u00e4ilytet\u00e4\u00e4n enint\u00e4\u00e4n 10 [&hellip;]<\/p>\n","protected":false},"author":1,"featured_media":0,"parent":0,"menu_order":0,"comment_status":"closed","ping_status":"closed","template":"","meta":{"ocean_post_layout":"full-screen","ocean_both_sidebars_style":"","ocean_both_sidebars_content_width":0,"ocean_both_sidebars_sidebars_width":0,"ocean_sidebar":"0","ocean_second_sidebar":"0","ocean_disable_margins":"enable","ocean_add_body_class":"","ocean_shortcode_before_top_bar":"","ocean_shortcode_after_top_bar":"","ocean_shortcode_before_header":"","ocean_shortcode_after_header":"","ocean_has_shortcode":"","ocean_shortcode_after_title":"","ocean_shortcode_before_footer_widgets":"","ocean_shortcode_after_footer_widgets":"","ocean_shortcode_before_footer_bottom":"","ocean_shortcode_after_footer_bottom":"","ocean_display_top_bar":"default","ocean_display_header":"default","ocean_header_style":"","ocean_center_header_left_menu":"0","ocean_custom_header_template":"0","ocean_custom_logo":0,"ocean_custom_retina_logo":0,"ocean_custom_logo_max_width":0,"ocean_custom_logo_tablet_max_width":0,"ocean_custom_logo_mobile_max_width":0,"ocean_custom_logo_max_height":0,"ocean_custom_logo_tablet_max_height":0,"ocean_custom_logo_mobile_max_height":0,"ocean_header_custom_menu":"0","ocean_menu_typo_font_family":"0","ocean_menu_typo_font_subset":"","ocean_menu_typo_font_size":0,"ocean_menu_typo_font_size_tablet":0,"ocean_menu_typo_font_size_mobile":0,"ocean_menu_typo_font_size_unit":"px","ocean_menu_typo_font_weight":"","ocean_menu_typo_font_weight_tablet":"","ocean_menu_typo_font_weight_mobile":"","ocean_menu_typo_transform":"","ocean_menu_typo_transform_tablet":"","ocean_menu_typo_transform_mobile":"","ocean_menu_typo_line_height":0,"ocean_menu_typo_line_height_tablet":0,"ocean_menu_typo_line_height_mobile":0,"ocean_menu_typo_line_height_unit":"","ocean_menu_typo_spacing":0,"ocean_menu_typo_spacing_tablet":0,"ocean_menu_typo_spacing_mobile":0,"ocean_menu_typo_spacing_unit":"","ocean_menu_link_color":"","ocean_menu_link_color_hover":"","ocean_menu_link_color_active":"","ocean_menu_link_background":"","ocean_menu_link_hover_background":"","ocean_menu_link_active_background":"","ocean_menu_social_links_bg":"","ocean_menu_social_hover_links_bg":"","ocean_menu_social_links_color":"","ocean_menu_social_hover_links_color":"","ocean_disable_title":"on","ocean_disable_heading":"default","ocean_post_title":"","ocean_post_subheading":"","ocean_post_title_style":"","ocean_post_title_background_color":"","ocean_post_title_background":0,"ocean_post_title_bg_image_position":"","ocean_post_title_bg_image_attachment":"","ocean_post_title_bg_image_repeat":"","ocean_post_title_bg_image_size":"","ocean_post_title_height":0,"ocean_post_title_bg_overlay":0.5,"ocean_post_title_bg_overlay_color":"","ocean_disable_breadcrumbs":"default","ocean_breadcrumbs_color":"","ocean_breadcrumbs_separator_color":"","ocean_breadcrumbs_links_color":"","ocean_breadcrumbs_links_hover_color":"","ocean_display_footer_widgets":"default","ocean_display_footer_bottom":"default","ocean_custom_footer_template":"0","footnotes":""},"class_list":["post-611","page","type-page","status-publish","hentry","entry"],"_links":{"self":[{"href":"https:\/\/www.sportclubolymp.fi\/index.php?rest_route=\/wp\/v2\/pages\/611","targetHints":{"allow":["GET"]}}],"collection":[{"href":"https:\/\/www.sportclubolymp.fi\/index.php?rest_route=\/wp\/v2\/pages"}],"about":[{"href":"https:\/\/www.sportclubolymp.fi\/index.php?rest_route=\/wp\/v2\/types\/page"}],"author":[{"embeddable":true,"href":"https:\/\/www.sportclubolymp.fi\/index.php?rest_route=\/wp\/v2\/users\/1"}],"replies":[{"embeddable":true,"href":"https:\/\/www.sportclubolymp.fi\/index.php?rest_route=%2Fwp%2Fv2%2Fcomments&post=611"}],"version-history":[{"count":4,"href":"https:\/\/www.sportclubolymp.fi\/index.php?rest_route=\/wp\/v2\/pages\/611\/revisions"}],"predecessor-version":[{"id":617,"href":"https:\/\/www.sportclubolymp.fi\/index.php?rest_route=\/wp\/v2\/pages\/611\/revisions\/617"}],"wp:attachment":[{"href":"https:\/\/www.sportclubolymp.fi\/index.php?rest_route=%2Fwp%2Fv2%2Fmedia&parent=611"}],"curies":[{"name":"wp","href":"https:\/\/api.w.org\/{rel}","templated":true}]}}