{"id":55,"date":"2020-05-16T08:52:17","date_gmt":"2020-05-16T08:52:17","guid":{"rendered":"http:\/\/www.sportclubolymp.fi\/?page_id=55"},"modified":"2026-05-12T12:21:42","modified_gmt":"2026-05-12T12:21:42","slug":"etusivu","status":"publish","type":"page","link":"https:\/\/www.sportclubolymp.fi\/","title":{"rendered":"Etusivu"},"content":{"rendered":"\t\t<div data-elementor-type=\"wp-page\" data-elementor-id=\"55\" class=\"elementor elementor-55\">\n\t\t\t\t\t\t\t\t\t<section class=\"elementor-section elementor-top-section elementor-element elementor-element-c4205e3 elementor-section-stretched elementor-section-boxed elementor-section-height-default elementor-section-height-default\" data-id=\"c4205e3\" data-element_type=\"section\" data-settings=\"{&quot;background_background&quot;:&quot;slideshow&quot;,&quot;background_slideshow_gallery&quot;:[{&quot;id&quot;:4085,&quot;url&quot;:&quot;https:\\\/\\\/www.sportclubolymp.fi\\\/wp-content\\\/uploads\\\/2024\\\/11\\\/IMG_0340.jpeg&quot;},{&quot;id&quot;:4086,&quot;url&quot;:&quot;https:\\\/\\\/www.sportclubolymp.fi\\\/wp-content\\\/uploads\\\/2024\\\/11\\\/IMG_0345.jpeg&quot;},{&quot;id&quot;:4087,&quot;url&quot;:&quot;https:\\\/\\\/www.sportclubolymp.fi\\\/wp-content\\\/uploads\\\/2024\\\/11\\\/IMG_0295.jpeg&quot;},{&quot;id&quot;:4088,&quot;url&quot;:&quot;https:\\\/\\\/www.sportclubolymp.fi\\\/wp-content\\\/uploads\\\/2024\\\/11\\\/IMG_0206.jpeg&quot;},{&quot;id&quot;:4089,&quot;url&quot;:&quot;https:\\\/\\\/www.sportclubolymp.fi\\\/wp-content\\\/uploads\\\/2024\\\/11\\\/IMG_0196-scaled.jpeg&quot;},{&quot;id&quot;:4090,&quot;url&quot;:&quot;https:\\\/\\\/www.sportclubolymp.fi\\\/wp-content\\\/uploads\\\/2024\\\/11\\\/IMG_0186.jpeg&quot;},{&quot;id&quot;:4091,&quot;url&quot;:&quot;https:\\\/\\\/www.sportclubolymp.fi\\\/wp-content\\\/uploads\\\/2024\\\/11\\\/IMG_0121.jpeg&quot;},{&quot;id&quot;:4092,&quot;url&quot;:&quot;https:\\\/\\\/www.sportclubolymp.fi\\\/wp-content\\\/uploads\\\/2024\\\/11\\\/IMG_0163.jpeg&quot;},{&quot;id&quot;:4093,&quot;url&quot;:&quot;https:\\\/\\\/www.sportclubolymp.fi\\\/wp-content\\\/uploads\\\/2024\\\/11\\\/IMG_0134.jpeg&quot;},{&quot;id&quot;:4094,&quot;url&quot;:&quot;https:\\\/\\\/www.sportclubolymp.fi\\\/wp-content\\\/uploads\\\/2024\\\/11\\\/IMG_0144.jpeg&quot;}],&quot;stretch_section&quot;:&quot;section-stretched&quot;,&quot;background_slideshow_transition_duration&quot;:497,&quot;background_slideshow_ken_burns&quot;:&quot;yes&quot;,&quot;background_slideshow_loop&quot;:&quot;yes&quot;,&quot;background_slideshow_slide_duration&quot;:5000,&quot;background_slideshow_slide_transition&quot;:&quot;fade&quot;,&quot;background_slideshow_ken_burns_zoom_direction&quot;:&quot;in&quot;}\">\n\t\t\t\t\t\t\t<div class=\"elementor-background-overlay\"><\/div>\n\t\t\t\t\t\t\t<div class=\"elementor-container elementor-column-gap-default\">\n\t\t\t\t\t<div class=\"elementor-column elementor-col-33 elementor-top-column elementor-element elementor-element-5af72052\" data-id=\"5af72052\" data-element_type=\"column\">\n\t\t\t<div class=\"elementor-widget-wrap elementor-element-populated\">\n\t\t\t\t\t\t\t\t<div class=\"elementor-element elementor-element-158b66c width elementor-widget elementor-widget-image\" data-id=\"158b66c\" data-element_type=\"widget\" data-widget_type=\"image.default\">\n\t\t\t\t<div class=\"elementor-widget-container\">\n\t\t\t<style>\/*! elementor - v3.18.0 - 20-12-2023 *\/\n.elementor-widget-image{text-align:center}.elementor-widget-image a{display:inline-block}.elementor-widget-image a img[src$=\".svg\"]{width:48px}.elementor-widget-image img{vertical-align:middle;display:inline-block}<\/style>\t\t\t\t\t\t\t\t\t\t\t\t<img fetchpriority=\"high\" decoding=\"async\" width=\"2048\" height=\"2048\" src=\"https:\/\/www.sportclubolymp.fi\/wp-content\/uploads\/2024\/11\/IMG_0390.jpeg\" class=\"attachment-full size-full wp-image-4081\" alt=\"\" srcset=\"https:\/\/www.sportclubolymp.fi\/wp-content\/uploads\/2024\/11\/IMG_0390.jpeg 2048w, https:\/\/www.sportclubolymp.fi\/wp-content\/uploads\/2024\/11\/IMG_0390-300x300.jpeg 300w, https:\/\/www.sportclubolymp.fi\/wp-content\/uploads\/2024\/11\/IMG_0390-1024x1024.jpeg 1024w, https:\/\/www.sportclubolymp.fi\/wp-content\/uploads\/2024\/11\/IMG_0390-150x150.jpeg 150w, https:\/\/www.sportclubolymp.fi\/wp-content\/uploads\/2024\/11\/IMG_0390-768x768.jpeg 768w, https:\/\/www.sportclubolymp.fi\/wp-content\/uploads\/2024\/11\/IMG_0390-1536x1536.jpeg 1536w, https:\/\/www.sportclubolymp.fi\/wp-content\/uploads\/2024\/11\/IMG_0390-600x600.jpeg 600w\" sizes=\"(max-width: 2048px) 100vw, 2048px\" \/>\t\t\t\t\t\t\t\t\t\t\t\t\t\t\t<\/div>\n\t\t\t\t<\/div>\n\t\t\t\t<div class=\"elementor-element elementor-element-ecd8ada elementor-button-info elementor-align-center elementor-widget elementor-widget-button\" data-id=\"ecd8ada\" data-element_type=\"widget\" data-widget_type=\"button.default\">\n\t\t\t\t<div class=\"elementor-widget-container\">\n\t\t\t\t\t<div class=\"elementor-button-wrapper\">\n\t\t\t<a class=\"elementor-button elementor-button-link elementor-size-md\" href=\"https:\/\/sportclubolymp.myclub.fi\/flow\/courses\/public\" target=\"_blank\">\n\t\t\t\t\t\t<span class=\"elementor-button-content-wrapper\">\n\t\t\t\t\t\t<span class=\"elementor-button-text\">Ryhm\u00e4t -SYKSY 2026 -  KEV\u00c4T 2027 <br><br>Ilmoittautuminen esivalmennus ja valmennusryhmiin alkaa 18.05.2026 <br><br> Ilmoittautuminen rytmisen voimistelun harrasteryhmiin alkaa 18.05.2026<\/span>\n\t\t<\/span>\n\t\t\t\t\t<\/a>\n\t\t<\/div>\n\t\t\t\t<\/div>\n\t\t\t\t<\/div>\n\t\t\t\t<div class=\"elementor-element elementor-element-57c5312 elementor-button-info elementor-align-center elementor-widget elementor-widget-button\" data-id=\"57c5312\" data-element_type=\"widget\" data-widget_type=\"button.default\">\n\t\t\t\t<div class=\"elementor-widget-container\">\n\t\t\t\t\t<div class=\"elementor-button-wrapper\">\n\t\t\t<a class=\"elementor-button elementor-button-link elementor-size-md\" href=\"https:\/\/www.sportclubolymp.fi\/?page_id=1750\">\n\t\t\t\t\t\t<span class=\"elementor-button-content-wrapper\">\n\t\t\t\t\t\t<span class=\"elementor-button-text\">Kokeiluharjoitukset<\/span>\n\t\t<\/span>\n\t\t\t\t\t<\/a>\n\t\t<\/div>\n\t\t\t\t<\/div>\n\t\t\t\t<\/div>\n\t\t\t\t\t<\/div>\n\t\t<\/div>\n\t\t\t\t<div class=\"elementor-column elementor-col-33 elementor-top-column elementor-element elementor-element-10cc709\" data-id=\"10cc709\" data-element_type=\"column\">\n\t\t\t<div class=\"elementor-widget-wrap elementor-element-populated\">\n\t\t\t\t\t\t\t\t<div class=\"elementor-element elementor-element-4fa82870 elementor-widget elementor-widget-text-editor\" data-id=\"4fa82870\" data-element_type=\"widget\" data-widget_type=\"text-editor.default\">\n\t\t\t\t<div class=\"elementor-widget-container\">\n\t\t\t<style>\/*! elementor - v3.18.0 - 20-12-2023 *\/\n.elementor-widget-text-editor.elementor-drop-cap-view-stacked .elementor-drop-cap{background-color:#69727d;color:#fff}.elementor-widget-text-editor.elementor-drop-cap-view-framed .elementor-drop-cap{color:#69727d;border:3px solid;background-color:transparent}.elementor-widget-text-editor:not(.elementor-drop-cap-view-default) .elementor-drop-cap{margin-top:8px}.elementor-widget-text-editor:not(.elementor-drop-cap-view-default) .elementor-drop-cap-letter{width:1em;height:1em}.elementor-widget-text-editor .elementor-drop-cap{float:left;text-align:center;line-height:1;font-size:50px}.elementor-widget-text-editor .elementor-drop-cap-letter{display:inline-block}<\/style>\t\t\t\t<p>Sport Club Olymp on vuonna 2020 perustettu Voimistelu- ja urheiluseura Vantaalla, joka tarjoaa lapsille ja nuorille mahdollisuuden harrastaa voimisteluliikuntaa monipuolisesti alkeista huipulle.<\/p><p>Yhdistyksen tavoitteena on luoda monipuoliset voimistelu- ja liikuntamahdollisuudet lapsille ja nuorille\u00a0 mukavassa seurassa ja asiantuntevassa ohjauksessa.<\/p><p>Sport Club Olymp syntyi halusta tarjota laadukasta valmennusta rytmisess\u00e4 voimistelussa sek\u00e4 tavoitteesta auttaa urheilijoita kehittym\u00e4\u00e4n ja nauttimaan maailman kauneimmasta lajista.<\/p>\t\t\t\t\t\t<\/div>\n\t\t\t\t<\/div>\n\t\t\t\t<div class=\"elementor-element elementor-element-68ff844 elementor-invisible elementor-widget elementor-widget-text-editor\" data-id=\"68ff844\" data-element_type=\"widget\" data-settings=\"{&quot;_animation&quot;:&quot;fadeIn&quot;,&quot;_animation_delay&quot;:600}\" data-widget_type=\"text-editor.default\">\n\t\t\t\t<div class=\"elementor-widget-container\">\n\t\t\t\t\t\t\t<p>Tule mukaan aktiiviseen seuraan!<\/p>\t\t\t\t\t\t<\/div>\n\t\t\t\t<\/div>\n\t\t\t\t\t<\/div>\n\t\t<\/div>\n\t\t\t\t<div class=\"elementor-column elementor-col-33 elementor-top-column elementor-element elementor-element-66eb521\" data-id=\"66eb521\" data-element_type=\"column\">\n\t\t\t<div class=\"elementor-widget-wrap elementor-element-populated\">\n\t\t\t\t\t\t\t\t<div class=\"elementor-element elementor-element-a3a37d1 elementor-widget elementor-widget-image\" data-id=\"a3a37d1\" data-element_type=\"widget\" data-widget_type=\"image.default\">\n\t\t\t\t<div class=\"elementor-widget-container\">\n\t\t\t\t\t\t\t\t\t\t\t\t\t\t\t<img decoding=\"async\" width=\"300\" height=\"300\" src=\"https:\/\/www.sportclubolymp.fi\/wp-content\/uploads\/2024\/11\/IMG_6372538-300x300.jpg\" class=\"attachment-medium size-medium wp-image-4083\" alt=\"\" srcset=\"https:\/\/www.sportclubolymp.fi\/wp-content\/uploads\/2024\/11\/IMG_6372538-300x300.jpg 300w, https:\/\/www.sportclubolymp.fi\/wp-content\/uploads\/2024\/11\/IMG_6372538-1024x1024.jpg 1024w, https:\/\/www.sportclubolymp.fi\/wp-content\/uploads\/2024\/11\/IMG_6372538-150x150.jpg 150w, https:\/\/www.sportclubolymp.fi\/wp-content\/uploads\/2024\/11\/IMG_6372538-768x768.jpg 768w, https:\/\/www.sportclubolymp.fi\/wp-content\/uploads\/2024\/11\/IMG_6372538-1536x1536.jpg 1536w, https:\/\/www.sportclubolymp.fi\/wp-content\/uploads\/2024\/11\/IMG_6372538-600x600.jpg 600w, https:\/\/www.sportclubolymp.fi\/wp-content\/uploads\/2024\/11\/IMG_6372538.jpg 2048w\" sizes=\"(max-width: 300px) 100vw, 300px\" \/>\t\t\t\t\t\t\t\t\t\t\t\t\t\t\t<\/div>\n\t\t\t\t<\/div>\n\t\t\t\t<div class=\"elementor-element elementor-element-8bddcbb elementor-button-info elementor-align-center elementor-widget elementor-widget-button\" data-id=\"8bddcbb\" data-element_type=\"widget\" data-widget_type=\"button.default\">\n\t\t\t\t<div class=\"elementor-widget-container\">\n\t\t\t\t\t<div class=\"elementor-button-wrapper\">\n\t\t\t<a class=\"elementor-button elementor-button-link elementor-size-md\" href=\"https:\/\/www.sportclubolymp.fi\/?page_id=61\">\n\t\t\t\t\t\t<span class=\"elementor-button-content-wrapper\">\n\t\t\t\t\t\t<span class=\"elementor-button-text\">Rytminen voimistelu<\/span>\n\t\t<\/span>\n\t\t\t\t\t<\/a>\n\t\t<\/div>\n\t\t\t\t<\/div>\n\t\t\t\t<\/div>\n\t\t\t\t<div class=\"elementor-element elementor-element-e9f2b5d elementor-widget elementor-widget-image\" data-id=\"e9f2b5d\" data-element_type=\"widget\" data-widget_type=\"image.default\">\n\t\t\t\t<div class=\"elementor-widget-container\">\n\t\t\t\t\t\t\t\t\t\t\t\t\t\t\t<img decoding=\"async\" src=\"https:\/\/www.sportclubolymp.fi\/wp-content\/uploads\/2024\/11\/IMG_0346.jpeg\" title=\"IMG_0346\" alt=\"IMG_0346\" loading=\"lazy\" \/>\t\t\t\t\t\t\t\t\t\t\t\t\t\t\t<\/div>\n\t\t\t\t<\/div>\n\t\t\t\t<div class=\"elementor-element elementor-element-d6cbae2 elementor-button-info elementor-align-center elementor-widget elementor-widget-button\" data-id=\"d6cbae2\" data-element_type=\"widget\" data-widget_type=\"button.default\">\n\t\t\t\t<div class=\"elementor-widget-container\">\n\t\t\t\t\t<div class=\"elementor-button-wrapper\">\n\t\t\t<a class=\"elementor-button elementor-button-link elementor-size-md\" href=\"https:\/\/www.sportclubolymp.fi\/?page_id=231\">\n\t\t\t\t\t\t<span class=\"elementor-button-content-wrapper\">\n\t\t\t\t\t\t<span class=\"elementor-button-text\">Harrasteliikunta  <br> <br> Lapset ja Aikuiset<\/span>\n\t\t<\/span>\n\t\t\t\t\t<\/a>\n\t\t<\/div>\n\t\t\t\t<\/div>\n\t\t\t\t<\/div>\n\t\t\t\t\t<\/div>\n\t\t<\/div>\n\t\t\t\t\t\t\t<\/div>\n\t\t<\/section>\n\t\t\t\t\t\t\t<\/div>\n\t\t","protected":false},"excerpt":{"rendered":"<p>Ryhm\u00e4t -SYKSY 2026 &#8211; KEV\u00c4T 2027 Ilmoittautuminen esivalmennus ja valmennusryhmiin alkaa 18.05.2026 Ilmoittautuminen rytmisen voimistelun harrasteryhmiin alkaa 18.05.2026 Kokeiluharjoitukset Sport Club Olymp on vuonna 2020 perustettu Voimistelu- ja urheiluseura Vantaalla, joka tarjoaa lapsille ja nuorille mahdollisuuden harrastaa voimisteluliikuntaa monipuolisesti alkeista huipulle. Yhdistyksen tavoitteena on luoda monipuoliset voimistelu- ja liikuntamahdollisuudet lapsille ja nuorille\u00a0 mukavassa seurassa ja [&hellip;]<\/p>\n","protected":false},"author":1,"featured_media":0,"parent":0,"menu_order":0,"comment_status":"closed","ping_status":"closed","template":"elementor_theme","meta":{"ocean_post_layout":"full-screen","ocean_both_sidebars_style":"","ocean_both_sidebars_content_width":0,"ocean_both_sidebars_sidebars_width":0,"ocean_sidebar":"0","ocean_second_sidebar":"0","ocean_disable_margins":"enable","ocean_add_body_class":"","ocean_shortcode_before_top_bar":"","ocean_shortcode_after_top_bar":"","ocean_shortcode_before_header":"","ocean_shortcode_after_header":"","ocean_has_shortcode":"","ocean_shortcode_after_title":"","ocean_shortcode_before_footer_widgets":"","ocean_shortcode_after_footer_widgets":"","ocean_shortcode_before_footer_bottom":"","ocean_shortcode_after_footer_bottom":"","ocean_display_top_bar":"default","ocean_display_header":"default","ocean_header_style":"","ocean_center_header_left_menu":"0","ocean_custom_header_template":"0","ocean_custom_logo":0,"ocean_custom_retina_logo":0,"ocean_custom_logo_max_width":0,"ocean_custom_logo_tablet_max_width":0,"ocean_custom_logo_mobile_max_width":0,"ocean_custom_logo_max_height":0,"ocean_custom_logo_tablet_max_height":0,"ocean_custom_logo_mobile_max_height":0,"ocean_header_custom_menu":"0","ocean_menu_typo_font_family":"0","ocean_menu_typo_font_subset":"","ocean_menu_typo_font_size":0,"ocean_menu_typo_font_size_tablet":0,"ocean_menu_typo_font_size_mobile":0,"ocean_menu_typo_font_size_unit":"px","ocean_menu_typo_font_weight":"","ocean_menu_typo_font_weight_tablet":"","ocean_menu_typo_font_weight_mobile":"","ocean_menu_typo_transform":"","ocean_menu_typo_transform_tablet":"","ocean_menu_typo_transform_mobile":"","ocean_menu_typo_line_height":0,"ocean_menu_typo_line_height_tablet":0,"ocean_menu_typo_line_height_mobile":0,"ocean_menu_typo_line_height_unit":"","ocean_menu_typo_spacing":0,"ocean_menu_typo_spacing_tablet":0,"ocean_menu_typo_spacing_mobile":0,"ocean_menu_typo_spacing_unit":"","ocean_menu_link_color":"","ocean_menu_link_color_hover":"","ocean_menu_link_color_active":"","ocean_menu_link_background":"","ocean_menu_link_hover_background":"","ocean_menu_link_active_background":"","ocean_menu_social_links_bg":"","ocean_menu_social_hover_links_bg":"","ocean_menu_social_links_color":"","ocean_menu_social_hover_links_color":"","ocean_disable_title":"on","ocean_disable_heading":"default","ocean_post_title":"","ocean_post_subheading":"","ocean_post_title_style":"","ocean_post_title_background_color":"","ocean_post_title_background":0,"ocean_post_title_bg_image_position":"","ocean_post_title_bg_image_attachment":"","ocean_post_title_bg_image_repeat":"","ocean_post_title_bg_image_size":"","ocean_post_title_height":0,"ocean_post_title_bg_overlay":0.5,"ocean_post_title_bg_overlay_color":"","ocean_disable_breadcrumbs":"default","ocean_breadcrumbs_color":"","ocean_breadcrumbs_separator_color":"","ocean_breadcrumbs_links_color":"","ocean_breadcrumbs_links_hover_color":"","ocean_display_footer_widgets":"default","ocean_display_footer_bottom":"default","ocean_custom_footer_template":"0","footnotes":""},"class_list":["post-55","page","type-page","status-publish","hentry","entry"],"_links":{"self":[{"href":"https:\/\/www.sportclubolymp.fi\/index.php?rest_route=\/wp\/v2\/pages\/55","targetHints":{"allow":["GET"]}}],"collection":[{"href":"https:\/\/www.sportclubolymp.fi\/index.php?rest_route=\/wp\/v2\/pages"}],"about":[{"href":"https:\/\/www.sportclubolymp.fi\/index.php?rest_route=\/wp\/v2\/types\/page"}],"author":[{"embeddable":true,"href":"https:\/\/www.sportclubolymp.fi\/index.php?rest_route=\/wp\/v2\/users\/1"}],"replies":[{"embeddable":true,"href":"https:\/\/www.sportclubolymp.fi\/index.php?rest_route=%2Fwp%2Fv2%2Fcomments&post=55"}],"version-history":[{"count":280,"href":"https:\/\/www.sportclubolymp.fi\/index.php?rest_route=\/wp\/v2\/pages\/55\/revisions"}],"predecessor-version":[{"id":4653,"href":"https:\/\/www.sportclubolymp.fi\/index.php?rest_route=\/wp\/v2\/pages\/55\/revisions\/4653"}],"wp:attachment":[{"href":"https:\/\/www.sportclubolymp.fi\/index.php?rest_route=%2Fwp%2Fv2%2Fmedia&parent=55"}],"curies":[{"name":"wp","href":"https:\/\/api.w.org\/{rel}","templated":true}]}}