{"id":235,"date":"2020-05-19T06:34:56","date_gmt":"2020-05-19T06:34:56","guid":{"rendered":"http:\/\/www.sportclubolymp.fi\/?page_id=235"},"modified":"2025-06-14T13:51:42","modified_gmt":"2025-06-14T13:51:42","slug":"tanssikoulu","status":"publish","type":"page","link":"https:\/\/www.sportclubolymp.fi\/?page_id=235","title":{"rendered":"Balettitunnit"},"content":{"rendered":"\t\t<div data-elementor-type=\"wp-page\" data-elementor-id=\"235\" class=\"elementor elementor-235\">\n\t\t\t\t\t\t\t\t\t<section class=\"elementor-section elementor-top-section elementor-element elementor-element-2c4015c9 elementor-section-height-full elementor-section-content-middle elementor-section-items-top elementor-section-stretched elementor-section-boxed elementor-section-height-default\" data-id=\"2c4015c9\" data-element_type=\"section\" data-settings=\"{&quot;background_background&quot;:&quot;classic&quot;,&quot;stretch_section&quot;:&quot;section-stretched&quot;}\">\n\t\t\t\t\t\t<div class=\"elementor-container elementor-column-gap-default\">\n\t\t\t\t\t<div class=\"elementor-column elementor-col-100 elementor-top-column elementor-element elementor-element-69dc64d6\" data-id=\"69dc64d6\" data-element_type=\"column\">\n\t\t\t<div class=\"elementor-widget-wrap elementor-element-populated\">\n\t\t\t\t\t\t\t\t<div class=\"elementor-element elementor-element-3187aeb0 elementor-widget elementor-widget-heading\" data-id=\"3187aeb0\" data-element_type=\"widget\" data-widget_type=\"heading.default\">\n\t\t\t\t<div class=\"elementor-widget-container\">\n\t\t\t<style>\/*! elementor - v3.18.0 - 20-12-2023 *\/\n.elementor-heading-title{padding:0;margin:0;line-height:1}.elementor-widget-heading .elementor-heading-title[class*=elementor-size-]>a{color:inherit;font-size:inherit;line-height:inherit}.elementor-widget-heading .elementor-heading-title.elementor-size-small{font-size:15px}.elementor-widget-heading .elementor-heading-title.elementor-size-medium{font-size:19px}.elementor-widget-heading .elementor-heading-title.elementor-size-large{font-size:29px}.elementor-widget-heading .elementor-heading-title.elementor-size-xl{font-size:39px}.elementor-widget-heading .elementor-heading-title.elementor-size-xxl{font-size:59px}<\/style><h2 class=\"elementor-heading-title elementor-size-default\">balettitunnit<\/h2>\t\t<\/div>\n\t\t\t\t<\/div>\n\t\t\t\t<section class=\"elementor-section elementor-inner-section elementor-element elementor-element-76081a90 elementor-section-boxed elementor-section-height-default elementor-section-height-default\" data-id=\"76081a90\" data-element_type=\"section\">\n\t\t\t\t\t\t<div class=\"elementor-container elementor-column-gap-default\">\n\t\t\t\t\t<div class=\"elementor-column elementor-col-50 elementor-inner-column elementor-element elementor-element-fe1ca24\" data-id=\"fe1ca24\" data-element_type=\"column\" data-settings=\"{&quot;background_background&quot;:&quot;classic&quot;}\">\n\t\t\t<div class=\"elementor-widget-wrap elementor-element-populated\">\n\t\t\t\t\t\t\t\t<div class=\"elementor-element elementor-element-640ccae1 elementor-widget elementor-widget-icon-box\" data-id=\"640ccae1\" data-element_type=\"widget\" data-widget_type=\"icon-box.default\">\n\t\t\t\t<div class=\"elementor-widget-container\">\n\t\t\t<link rel=\"stylesheet\" href=\"https:\/\/www.sportclubolymp.fi\/wp-content\/plugins\/elementor\/assets\/css\/widget-icon-box.min.css\">\t\t<div class=\"elementor-icon-box-wrapper\">\n\t\t\t\t\t\t<div class=\"elementor-icon-box-icon\">\n\t\t\t\t<span  class=\"elementor-icon elementor-animation-\">\n\t\t\t\t\t\t\t\t<\/span>\n\t\t\t<\/div>\n\t\t\t\t\t\t<div class=\"elementor-icon-box-content\">\n\t\t\t\t<h3 class=\"elementor-icon-box-title\">\n\t\t\t\t\t<span  >\n\t\t\t\t\t\tSatubaletti 3-5 v. <span style=\"font-family: Oswald, sans-serif; font-size: 18px; font-style: normal; font-variant-ligatures: normal; font-variant-caps: normal; font-weight: 600;\">(ryhm\u00e4 alkaa  1.9.<\/span><span style=\"font-family: Oswald, sans-serif; font-size: 18px; font-style: normal; font-variant-ligatures: normal; font-variant-caps: normal; font-weight: 600;\">2025)<\/span><br><span style=\"font-variant-ligatures: normal; font-variant-caps: normal; font-family: Helvetica, Arial, sans-serif; font-size: 14px; font-style: normal; font-weight: 400; color: rgb(28, 30, 33); white-space: normal; background-color: rgb(255, 255, 255);\">Ilmoittautumiset syyslukukaudella alkavaan Satubalettiin&nbsp; &nbsp; &nbsp;4-5 v. ryhm\u00e4\u00e4n alkavat 14.6.2025<\/span>\t\t\t\t\t<\/span>\n\t\t\t\t<\/h3>\n\t\t\t\t\t\t\t\t\t<p class=\"elementor-icon-box-description\">\n\t\t\t\t\t\t<br><span style=\"font-variant-ligatures: normal; font-variant-caps: normal; font-family: Helvetica, sans-serif; font-size: 15px; font-style: normal; font-weight: 400;\">Last<span style=\"font-size: 15px; font-weight: 700;\">en balettituntimme pohjautuvat klassisen baletin liikekieleen. Tunneilla opetellaan tanssin perusliikkeit\u00e4 musiikin, sadun ja leikin siivitt\u00e4m\u00e4n\u00e4. Perustaidot opetellaan lapsil\u00e4ht\u00f6isesti, tanssin ja liikunnan ilon kautta.<\/span><\/span><span style=\"font-variant-ligatures: normal; font-variant-caps: normal; font-family: Helvetica, sans-serif; font-size: 15px; font-style: normal; font-weight: 700;\"> Ryhm\u00e4 esiintyy seuran n\u00e4yt\u00f6ksiss\u00e4.<\/span><br><br><span style=\"font-variant-ligatures: normal; font-variant-caps: normal; font-family: Helvetica, sans-serif; font-size: 15px; font-style: normal; font-weight: 700;\">Harjoitukset sunnuntaisin klo 10:45-11:30<\/span><span style=\"font-family: Helvetica, sans-serif; font-size: 15px; font-style: normal; font-variant-ligatures: normal; font-variant-caps: normal; font-weight: 700;\"> <\/span><span style=\"font-variant-ligatures: normal; font-variant-caps: normal; font-family: Helvetica, sans-serif; font-size: 15px; font-style: normal; font-weight: 700;\">Lumo Monitoimikeskuksessa, tanssisalissa (Urpiaisentie 14, 01450 Vantaa)<\/span>\t\t\t\t\t<\/p>\n\t\t\t\t\t\t\t<\/div>\n\t\t<\/div>\n\t\t\t\t<\/div>\n\t\t\t\t<\/div>\n\t\t\t\t<div class=\"elementor-element elementor-element-3a5f4b3 elementor-align-center elementor-widget elementor-widget-button\" data-id=\"3a5f4b3\" data-element_type=\"widget\" data-widget_type=\"button.default\">\n\t\t\t\t<div class=\"elementor-widget-container\">\n\t\t\t\t\t<div class=\"elementor-button-wrapper\">\n\t\t\t<a class=\"elementor-button elementor-button-link elementor-size-sm\" href=\"https:\/\/sportclubolymp.myclub.fi\/flow\/courses\/8926227\">\n\t\t\t\t\t\t<span class=\"elementor-button-content-wrapper\">\n\t\t\t\t\t\t<span class=\"elementor-button-text\">Ilmoittaudu ryhm\u00e4\u00e4n<\/span>\n\t\t<\/span>\n\t\t\t\t\t<\/a>\n\t\t<\/div>\n\t\t\t\t<\/div>\n\t\t\t\t<\/div>\n\t\t\t\t\t<\/div>\n\t\t<\/div>\n\t\t\t\t<div class=\"elementor-column elementor-col-50 elementor-inner-column elementor-element elementor-element-6be08f7\" data-id=\"6be08f7\" data-element_type=\"column\" data-settings=\"{&quot;background_background&quot;:&quot;classic&quot;}\">\n\t\t\t<div class=\"elementor-widget-wrap elementor-element-populated\">\n\t\t\t\t\t\t\t\t<div class=\"elementor-element elementor-element-e6505c4 elementor-widget elementor-widget-icon-box\" data-id=\"e6505c4\" data-element_type=\"widget\" data-widget_type=\"icon-box.default\">\n\t\t\t\t<div class=\"elementor-widget-container\">\n\t\t\t\t\t<div class=\"elementor-icon-box-wrapper\">\n\t\t\t\t\t\t<div class=\"elementor-icon-box-icon\">\n\t\t\t\t<span  class=\"elementor-icon elementor-animation-\">\n\t\t\t\t\t\t\t\t<\/span>\n\t\t\t<\/div>\n\t\t\t\t\t\t<div class=\"elementor-icon-box-content\">\n\t\t\t\t<h3 class=\"elementor-icon-box-title\">\n\t\t\t\t\t<span  >\n\t\t\t\t\t\tBaletti lapsille 6-8 v. <span style=\"font-family: Oswald, sans-serif; font-size: 18px; font-style: normal; font-variant-ligatures: normal; font-variant-caps: normal; font-weight: 600;\">(ryhm\u00e4 alkaa  1.9.<\/span><span style=\"font-family: Oswald, sans-serif; font-size: 18px; font-style: normal; font-variant-ligatures: normal; font-variant-caps: normal; font-weight: 600;\">2025)<\/span><br><span style=\"font-variant-ligatures: normal; font-variant-caps: normal; font-family: Helvetica, Arial, sans-serif; font-size: 14px; font-style: normal; font-weight: 400; color: rgb(28, 30, 33); white-space: normal; background-color: rgb(255, 255, 255);\">Ilmoittautumiset syyslukukaudella alkavaan Baletti lapsille&nbsp; &nbsp;6-8&nbsp; v. ryhm\u00e4\u00e4n alkavat 14.6.2025<\/span>\t\t\t\t\t<\/span>\n\t\t\t\t<\/h3>\n\t\t\t\t\t\t\t\t\t<p class=\"elementor-icon-box-description\">\n\t\t\t\t\t\t<br><span style=\"font-variant-ligatures: normal; font-variant-caps: normal; font-family: Helvetica, sans-serif; font-size: 15px; font-style: normal; font-weight: 400;\">Last<span style=\"font-size: 15px; font-weight: 700;\">en balettituntimme pohjautuvat klassisen baletin liikekieleen. Tunneilla opetellaan tanssin perusliikkeit\u00e4 musiikin, sadun ja leikin siivitt\u00e4m\u00e4n\u00e4. Perustaidot opetellaan lapsil\u00e4ht\u00f6isesti, tanssin ja liikunnan ilon kautta.<\/span><\/span><span style=\"font-variant-ligatures: normal; font-variant-caps: normal; font-family: Helvetica, sans-serif; font-size: 15px; font-style: normal; font-weight: 700;\"> Ryhm\u00e4 esiintyy seuran n\u00e4yt\u00f6ksiss\u00e4.<\/span><br><br><span style=\"font-variant-ligatures: normal; font-variant-caps: normal; font-family: Helvetica, sans-serif; font-size: 15px; font-style: normal; font-weight: 700;\">Harjoitukset sunnuntaisin klo 9:45-10:45<\/span><span style=\"font-family: Helvetica, sans-serif; font-size: 15px; font-style: normal; font-variant-ligatures: normal; font-variant-caps: normal; font-weight: 700;\"> <\/span><span style=\"font-variant-ligatures: normal; font-variant-caps: normal; font-family: Helvetica, sans-serif; font-size: 15px; font-style: normal; font-weight: 700;\">Lumo Monitoimikeskuksessa, tanssisalissa (Urpiaisentie 14, 01450 Vantaa)<\/span>\t\t\t\t\t<\/p>\n\t\t\t\t\t\t\t<\/div>\n\t\t<\/div>\n\t\t\t\t<\/div>\n\t\t\t\t<\/div>\n\t\t\t\t<div class=\"elementor-element elementor-element-ca8e068 elementor-align-center elementor-widget elementor-widget-button\" data-id=\"ca8e068\" data-element_type=\"widget\" data-widget_type=\"button.default\">\n\t\t\t\t<div class=\"elementor-widget-container\">\n\t\t\t\t\t<div class=\"elementor-button-wrapper\">\n\t\t\t<a class=\"elementor-button elementor-button-link elementor-size-sm\" href=\"https:\/\/sportclubolymp.myclub.fi\/flow\/courses\/8785691\">\n\t\t\t\t\t\t<span class=\"elementor-button-content-wrapper\">\n\t\t\t\t\t\t<span class=\"elementor-button-text\">Ilmoittaudu ryhm\u00e4\u00e4n<\/span>\n\t\t<\/span>\n\t\t\t\t\t<\/a>\n\t\t<\/div>\n\t\t\t\t<\/div>\n\t\t\t\t<\/div>\n\t\t\t\t\t<\/div>\n\t\t<\/div>\n\t\t\t\t\t\t\t<\/div>\n\t\t<\/section>\n\t\t\t\t\t<\/div>\n\t\t<\/div>\n\t\t\t\t\t\t\t<\/div>\n\t\t<\/section>\n\t\t<div class=\"elementor-element elementor-element-b9a62a8 e-flex e-con-boxed e-con e-parent\" data-id=\"b9a62a8\" data-element_type=\"container\" data-settings=\"{&quot;content_width&quot;:&quot;boxed&quot;}\" data-core-v316-plus=\"true\">\n\t\t\t\t\t<div class=\"e-con-inner\">\n\t\t\t\t<div class=\"elementor-element elementor-element-9706daa elementor-widget elementor-widget-text-editor\" data-id=\"9706daa\" data-element_type=\"widget\" data-widget_type=\"text-editor.default\">\n\t\t\t\t<div class=\"elementor-widget-container\">\n\t\t\t<style>\/*! elementor - v3.18.0 - 20-12-2023 *\/\n.elementor-widget-text-editor.elementor-drop-cap-view-stacked .elementor-drop-cap{background-color:#69727d;color:#fff}.elementor-widget-text-editor.elementor-drop-cap-view-framed .elementor-drop-cap{color:#69727d;border:3px solid;background-color:transparent}.elementor-widget-text-editor:not(.elementor-drop-cap-view-default) .elementor-drop-cap{margin-top:8px}.elementor-widget-text-editor:not(.elementor-drop-cap-view-default) .elementor-drop-cap-letter{width:1em;height:1em}.elementor-widget-text-editor .elementor-drop-cap{float:left;text-align:center;line-height:1;font-size:50px}.elementor-widget-text-editor .elementor-drop-cap-letter{display:inline-block}<\/style>\t\t\t\t<p>Lorem ipsum dolor sit amet, consectetur adipiscing elit. Ut elit tellus, luctus nec ullamcorper mattis, pulvinar dapibus leo.<\/p>\t\t\t\t\t\t<\/div>\n\t\t\t\t<\/div>\n\t\t\t\t\t<\/div>\n\t\t\t\t<\/div>\n\t\t\t\t\t\t\t<\/div>\n\t\t","protected":false},"excerpt":{"rendered":"<p>balettitunnit Satubaletti 3-5 v. (ryhm\u00e4 alkaa 1.9.2025)Ilmoittautumiset syyslukukaudella alkavaan Satubalettiin&nbsp; &nbsp; &nbsp;4-5 v. ryhm\u00e4\u00e4n alkavat 14.6.2025 Lasten balettituntimme pohjautuvat klassisen baletin liikekieleen. Tunneilla opetellaan tanssin perusliikkeit\u00e4 musiikin, sadun ja leikin siivitt\u00e4m\u00e4n\u00e4. Perustaidot opetellaan lapsil\u00e4ht\u00f6isesti, tanssin ja liikunnan ilon kautta. Ryhm\u00e4 esiintyy seuran n\u00e4yt\u00f6ksiss\u00e4. Harjoitukset sunnuntaisin klo 10:45-11:30 Lumo Monitoimikeskuksessa, tanssisalissa (Urpiaisentie 14, 01450 Vantaa) Ilmoittaudu [&hellip;]<\/p>\n","protected":false},"author":1,"featured_media":236,"parent":59,"menu_order":0,"comment_status":"closed","ping_status":"closed","template":"elementor_header_footer","meta":{"ocean_post_layout":"full-screen","ocean_both_sidebars_style":"","ocean_both_sidebars_content_width":0,"ocean_both_sidebars_sidebars_width":0,"ocean_sidebar":"0","ocean_second_sidebar":"0","ocean_disable_margins":"enable","ocean_add_body_class":"","ocean_shortcode_before_top_bar":"","ocean_shortcode_after_top_bar":"","ocean_shortcode_before_header":"","ocean_shortcode_after_header":"","ocean_has_shortcode":"","ocean_shortcode_after_title":"","ocean_shortcode_before_footer_widgets":"","ocean_shortcode_after_footer_widgets":"","ocean_shortcode_before_footer_bottom":"","ocean_shortcode_after_footer_bottom":"","ocean_display_top_bar":"default","ocean_display_header":"default","ocean_header_style":"","ocean_center_header_left_menu":"0","ocean_custom_header_template":"0","ocean_custom_logo":0,"ocean_custom_retina_logo":0,"ocean_custom_logo_max_width":0,"ocean_custom_logo_tablet_max_width":0,"ocean_custom_logo_mobile_max_width":0,"ocean_custom_logo_max_height":0,"ocean_custom_logo_tablet_max_height":0,"ocean_custom_logo_mobile_max_height":0,"ocean_header_custom_menu":"0","ocean_menu_typo_font_family":"0","ocean_menu_typo_font_subset":"","ocean_menu_typo_font_size":0,"ocean_menu_typo_font_size_tablet":0,"ocean_menu_typo_font_size_mobile":0,"ocean_menu_typo_font_size_unit":"px","ocean_menu_typo_font_weight":"","ocean_menu_typo_font_weight_tablet":"","ocean_menu_typo_font_weight_mobile":"","ocean_menu_typo_transform":"","ocean_menu_typo_transform_tablet":"","ocean_menu_typo_transform_mobile":"","ocean_menu_typo_line_height":0,"ocean_menu_typo_line_height_tablet":0,"ocean_menu_typo_line_height_mobile":0,"ocean_menu_typo_line_height_unit":"","ocean_menu_typo_spacing":0,"ocean_menu_typo_spacing_tablet":0,"ocean_menu_typo_spacing_mobile":0,"ocean_menu_typo_spacing_unit":"","ocean_menu_link_color":"","ocean_menu_link_color_hover":"","ocean_menu_link_color_active":"","ocean_menu_link_background":"","ocean_menu_link_hover_background":"","ocean_menu_link_active_background":"","ocean_menu_social_links_bg":"","ocean_menu_social_hover_links_bg":"","ocean_menu_social_links_color":"","ocean_menu_social_hover_links_color":"","ocean_disable_title":"on","ocean_disable_heading":"default","ocean_post_title":"","ocean_post_subheading":"","ocean_post_title_style":"","ocean_post_title_background_color":"","ocean_post_title_background":0,"ocean_post_title_bg_image_position":"","ocean_post_title_bg_image_attachment":"","ocean_post_title_bg_image_repeat":"","ocean_post_title_bg_image_size":"","ocean_post_title_height":0,"ocean_post_title_bg_overlay":0.5,"ocean_post_title_bg_overlay_color":"","ocean_disable_breadcrumbs":"default","ocean_breadcrumbs_color":"","ocean_breadcrumbs_separator_color":"","ocean_breadcrumbs_links_color":"","ocean_breadcrumbs_links_hover_color":"","ocean_display_footer_widgets":"default","ocean_display_footer_bottom":"default","ocean_custom_footer_template":"0","footnotes":""},"class_list":["post-235","page","type-page","status-publish","has-post-thumbnail","hentry","entry","has-media"],"_links":{"self":[{"href":"https:\/\/www.sportclubolymp.fi\/index.php?rest_route=\/wp\/v2\/pages\/235","targetHints":{"allow":["GET"]}}],"collection":[{"href":"https:\/\/www.sportclubolymp.fi\/index.php?rest_route=\/wp\/v2\/pages"}],"about":[{"href":"https:\/\/www.sportclubolymp.fi\/index.php?rest_route=\/wp\/v2\/types\/page"}],"author":[{"embeddable":true,"href":"https:\/\/www.sportclubolymp.fi\/index.php?rest_route=\/wp\/v2\/users\/1"}],"replies":[{"embeddable":true,"href":"https:\/\/www.sportclubolymp.fi\/index.php?rest_route=%2Fwp%2Fv2%2Fcomments&post=235"}],"version-history":[{"count":94,"href":"https:\/\/www.sportclubolymp.fi\/index.php?rest_route=\/wp\/v2\/pages\/235\/revisions"}],"predecessor-version":[{"id":4518,"href":"https:\/\/www.sportclubolymp.fi\/index.php?rest_route=\/wp\/v2\/pages\/235\/revisions\/4518"}],"up":[{"embeddable":true,"href":"https:\/\/www.sportclubolymp.fi\/index.php?rest_route=\/wp\/v2\/pages\/59"}],"wp:featuredmedia":[{"embeddable":true,"href":"https:\/\/www.sportclubolymp.fi\/index.php?rest_route=\/wp\/v2\/media\/236"}],"wp:attachment":[{"href":"https:\/\/www.sportclubolymp.fi\/index.php?rest_route=%2Fwp%2Fv2%2Fmedia&parent=235"}],"curies":[{"name":"wp","href":"https:\/\/api.w.org\/{rel}","templated":true}]}}